{"id":14,"date":"2020-08-28T12:30:13","date_gmt":"2020-08-28T12:30:13","guid":{"rendered":"https:\/\/www.philippeenquin.net\/?page_id=14"},"modified":"2024-08-22T20:43:11","modified_gmt":"2024-08-22T18:43:11","slug":"bio","status":"publish","type":"page","link":"https:\/\/www.philippeenquin.net\/en\/bio\/","title":{"rendered":"Bio"},"content":{"rendered":"\n<h1 class=\"wp-block-heading has-text-align-center is-style-asterisk has-libre-baskerville-font-family\" style=\"letter-spacing:14px;text-transform:uppercase\">Phelippe Enquin<\/h1>\n\n\n\n<div class=\"wp-block-columns alignwide is-layout-flex wp-container-core-columns-is-layout-28f84493 wp-block-columns-is-layout-flex\">\n<div class=\"wp-block-column is-vertically-aligned-center is-layout-flow wp-block-column-is-layout-flow\">\n<figure class=\"wp-block-image size-full\"><a href=\"https:\/\/www.philippeenquin.net\/wp-content\/uploads\/2020\/08\/4.jpg\"><img loading=\"lazy\" decoding=\"async\" width=\"667\" height=\"1000\" src=\"https:\/\/www.philippeenquin.net\/wp-content\/uploads\/2020\/08\/4.jpg\" alt=\"\" class=\"wp-image-1445\" srcset=\"https:\/\/www.philippeenquin.net\/wp-content\/uploads\/2020\/08\/4.jpg 667w, https:\/\/www.philippeenquin.net\/wp-content\/uploads\/2020\/08\/4-500x750.jpg 500w, https:\/\/www.philippeenquin.net\/wp-content\/uploads\/2020\/08\/4-200x300.jpg 200w, https:\/\/www.philippeenquin.net\/wp-content\/uploads\/2020\/08\/4-400x600.jpg 400w, https:\/\/www.philippeenquin.net\/wp-content\/uploads\/2020\/08\/4-600x900.jpg 600w\" sizes=\"auto, (max-width: 667px) 100vw, 667px\" \/><\/a><\/figure>\n<\/div>\n\n\n\n<div class=\"wp-block-column is-vertically-aligned-center is-layout-flow wp-block-column-is-layout-flow\" style=\"padding-right:0;padding-left:0;font-size:clamp(0.875rem, 0.875rem + ((1vw - 0.2rem) * 0.63), 1.3rem);\">\n<div class=\"wp-block-group has-global-padding is-layout-constrained wp-container-core-group-is-layout-c9115f92 wp-block-group-is-layout-constrained\" style=\"padding-right:var(--wp--preset--spacing--20);padding-left:var(--wp--preset--spacing--20)\">\n<p>Philippe Enquin est n\u00e9 \u00e0 Buenos Aires en 1935.<\/p>\n\n\n\n<p>Avec son \u00e9pouse, Gladys Aslan (d\u00e9c\u00e9d\u00e9e en 2012) ils s\u2019installent en France en 1962.<\/p>\n\n\n\n<p>Il effectue toute sa carri\u00e8re comme consultant en Strat\u00e9gie et Management, principalement comme cofondateur de MID (Marketing, Innovation et D\u00e9veloppement).<\/p>\n\n\n\n<p>\u00c0 la fin de sa carri\u00e8re professionnelle, Enquin, qui a deux enfants et cinq petits-enfants , commence \u00e0 prendre conscience de son appartenance au peuple Juif.<\/p>\n\n\n\n<p>Cette prise de conscience, avec la d\u00e9couverte de centaines de lettres et de photos, l\u2019a amen\u00e9 \u00e0 \u00e9laborer le livre \u00ab Mots crois\u00e9s, trois g\u00e9n\u00e9rations de Juifs argentins \u00bb, publi\u00e9 en Argentine et en France (La Cause des Livres, 2014), qui raconte la passionnante histoire de ces migrants n\u00e9s en Russie, install\u00e9s en Argentine, et lui a permis de r\u00e9v\u00e9ler ses trois identit\u00e9s : Felipe \u00ab l\u2019Argentin \u00bb, Philippe \u00bb le Fran\u00e7ais \u00bb et Frumkin \u00ab le Juif \u00bb.<\/p>\n<\/div>\n<\/div>\n<\/div>\n\n\n\n<div class=\"wp-block-columns alignwide is-layout-flex wp-container-core-columns-is-layout-28f84493 wp-block-columns-is-layout-flex\">\n<div class=\"wp-block-column is-vertically-aligned-center is-layout-flow wp-block-column-is-layout-flow\">\n<p class=\"has-system-serif-font-family\" style=\"font-size:clamp(1.25rem, 1.25rem + ((1vw - 0.2rem) * 1.111), 2rem);\">Felipe, l\u2019Argentin, l\u2019adolescent qui d\u00e9couvre l\u2019amour, les passions, la nature, l\u2019exaltation des r\u00e9voltes \u00e9tudiantes.<\/p>\n<\/div>\n\n\n\n<div class=\"wp-block-column is-layout-flow wp-block-column-is-layout-flow\">\n<figure data-wp-context=\"{&quot;imageId&quot;:&quot;69eae6f4d96e7&quot;}\" data-wp-interactive=\"core\/image\" data-wp-key=\"69eae6f4d96e7\" class=\"wp-block-image aligncenter size-large has-custom-border wp-lightbox-container\"><img loading=\"lazy\" decoding=\"async\" width=\"1024\" height=\"786\" data-wp-class--hide=\"state.isContentHidden\" data-wp-class--show=\"state.isContentVisible\" data-wp-init=\"callbacks.setButtonStyles\" data-wp-on--click=\"actions.showLightbox\" data-wp-on--load=\"callbacks.setButtonStyles\" data-wp-on-window--resize=\"callbacks.setButtonStyles\" src=\"https:\/\/www.philippeenquin.net\/wp-content\/uploads\/2020\/09\/2-1024x786.jpeg\" alt=\"\" class=\"wp-image-1545\" style=\"border-radius:24px\" srcset=\"https:\/\/www.philippeenquin.net\/wp-content\/uploads\/2020\/09\/2-1024x786.jpeg 1024w, https:\/\/www.philippeenquin.net\/wp-content\/uploads\/2020\/09\/2-500x384.jpeg 500w, https:\/\/www.philippeenquin.net\/wp-content\/uploads\/2020\/09\/2-800x614.jpeg 800w, https:\/\/www.philippeenquin.net\/wp-content\/uploads\/2020\/09\/2-300x230.jpeg 300w, https:\/\/www.philippeenquin.net\/wp-content\/uploads\/2020\/09\/2-768x590.jpeg 768w, https:\/\/www.philippeenquin.net\/wp-content\/uploads\/2020\/09\/2-200x154.jpeg 200w, https:\/\/www.philippeenquin.net\/wp-content\/uploads\/2020\/09\/2-400x307.jpeg 400w, https:\/\/www.philippeenquin.net\/wp-content\/uploads\/2020\/09\/2-600x461.jpeg 600w, https:\/\/www.philippeenquin.net\/wp-content\/uploads\/2020\/09\/2-1200x922.jpeg 1200w, https:\/\/www.philippeenquin.net\/wp-content\/uploads\/2020\/09\/2.jpeg 1250w\" sizes=\"auto, (max-width: 1024px) 100vw, 1024px\" \/><button\n\t\t\tclass=\"lightbox-trigger\"\n\t\t\ttype=\"button\"\n\t\t\taria-haspopup=\"dialog\"\n\t\t\taria-label=\"Enlarge\"\n\t\t\tdata-wp-init=\"callbacks.initTriggerButton\"\n\t\t\tdata-wp-on--click=\"actions.showLightbox\"\n\t\t\tdata-wp-style--right=\"state.imageButtonRight\"\n\t\t\tdata-wp-style--top=\"state.imageButtonTop\"\n\t\t>\n\t\t\t<svg xmlns=\"http:\/\/www.w3.org\/2000\/svg\" width=\"12\" height=\"12\" fill=\"none\" viewBox=\"0 0 12 12\">\n\t\t\t\t<path fill=\"#fff\" d=\"M2 0a2 2 0 0 0-2 2v2h1.5V2a.5.5 0 0 1 .5-.5h2V0H2Zm2 10.5H2a.5.5 0 0 1-.5-.5V8H0v2a2 2 0 0 0 2 2h2v-1.5ZM8 12v-1.5h2a.5.5 0 0 0 .5-.5V8H12v2a2 2 0 0 1-2 2H8Zm2-12a2 2 0 0 1 2 2v2h-1.5V2a.5.5 0 0 0-.5-.5H8V0h2Z\" \/>\n\t\t\t<\/svg>\n\t\t<\/button><\/figure>\n<\/div>\n<\/div>\n\n\n\n<p><a target=\"_blank\" rel=\"noreferrer noopener\" href=\"https:\/\/www.facebook.com\/enquinp\"><\/a><a target=\"_blank\" rel=\"noreferrer noopener\" href=\"https:\/\/www.instagram.com\/enquinp\/\"><\/a><\/p>\n\n\n\n<div class=\"wp-block-columns alignwide is-layout-flex wp-container-core-columns-is-layout-28f84493 wp-block-columns-is-layout-flex\">\n<div class=\"wp-block-column is-layout-flow wp-block-column-is-layout-flow\">\n<figure data-wp-context=\"{&quot;imageId&quot;:&quot;69eae6f4d9ba4&quot;}\" data-wp-interactive=\"core\/image\" data-wp-key=\"69eae6f4d9ba4\" class=\"wp-block-image size-large has-custom-border wp-lightbox-container\"><img loading=\"lazy\" decoding=\"async\" width=\"1024\" height=\"845\" data-wp-class--hide=\"state.isContentHidden\" data-wp-class--show=\"state.isContentVisible\" data-wp-init=\"callbacks.setButtonStyles\" data-wp-on--click=\"actions.showLightbox\" data-wp-on--load=\"callbacks.setButtonStyles\" data-wp-on-window--resize=\"callbacks.setButtonStyles\" src=\"https:\/\/www.philippeenquin.net\/wp-content\/uploads\/2020\/09\/3-1024x845.jpeg\" alt=\"\" class=\"wp-image-1548\" style=\"border-radius:25px\" title=\"3\" srcset=\"https:\/\/www.philippeenquin.net\/wp-content\/uploads\/2020\/09\/3-1024x845.jpeg 1024w, https:\/\/www.philippeenquin.net\/wp-content\/uploads\/2020\/09\/3-500x413.jpeg 500w, https:\/\/www.philippeenquin.net\/wp-content\/uploads\/2020\/09\/3-800x660.jpeg 800w, https:\/\/www.philippeenquin.net\/wp-content\/uploads\/2020\/09\/3-300x248.jpeg 300w, https:\/\/www.philippeenquin.net\/wp-content\/uploads\/2020\/09\/3-768x634.jpeg 768w, https:\/\/www.philippeenquin.net\/wp-content\/uploads\/2020\/09\/3-200x165.jpeg 200w, https:\/\/www.philippeenquin.net\/wp-content\/uploads\/2020\/09\/3-400x330.jpeg 400w, https:\/\/www.philippeenquin.net\/wp-content\/uploads\/2020\/09\/3-600x495.jpeg 600w, https:\/\/www.philippeenquin.net\/wp-content\/uploads\/2020\/09\/3.jpeg 1163w\" sizes=\"auto, (max-width: 1024px) 100vw, 1024px\" \/><button\n\t\t\tclass=\"lightbox-trigger\"\n\t\t\ttype=\"button\"\n\t\t\taria-haspopup=\"dialog\"\n\t\t\taria-label=\"Enlarge\"\n\t\t\tdata-wp-init=\"callbacks.initTriggerButton\"\n\t\t\tdata-wp-on--click=\"actions.showLightbox\"\n\t\t\tdata-wp-style--right=\"state.imageButtonRight\"\n\t\t\tdata-wp-style--top=\"state.imageButtonTop\"\n\t\t>\n\t\t\t<svg xmlns=\"http:\/\/www.w3.org\/2000\/svg\" width=\"12\" height=\"12\" fill=\"none\" viewBox=\"0 0 12 12\">\n\t\t\t\t<path fill=\"#fff\" d=\"M2 0a2 2 0 0 0-2 2v2h1.5V2a.5.5 0 0 1 .5-.5h2V0H2Zm2 10.5H2a.5.5 0 0 1-.5-.5V8H0v2a2 2 0 0 0 2 2h2v-1.5ZM8 12v-1.5h2a.5.5 0 0 0 .5-.5V8H12v2a2 2 0 0 1-2 2H8Zm2-12a2 2 0 0 1 2 2v2h-1.5V2a.5.5 0 0 0-.5-.5H8V0h2Z\" \/>\n\t\t\t<\/svg>\n\t\t<\/button><\/figure>\n<\/div>\n\n\n\n<div class=\"wp-block-column is-vertically-aligned-center is-layout-flow wp-block-column-is-layout-flow\">\n<p class=\"has-system-serif-font-family\" style=\"font-size:clamp(1.25rem, 1.25rem + ((1vw - 0.2rem) * 1.111), 2rem);\">Philippe, le Fran\u00e7ais, le rationnel, le manager et cr\u00e9ateur d\u2019entreprise, qui d\u00e9couvre l\u2019\u00e9tendue de la culture fran\u00e7aise.<\/p>\n<\/div>\n<\/div>\n\n\n\n<div class=\"wp-block-columns alignwide is-layout-flex wp-container-core-columns-is-layout-28f84493 wp-block-columns-is-layout-flex\">\n<div class=\"wp-block-column is-vertically-aligned-center is-layout-flow wp-block-column-is-layout-flow\">\n<p class=\"has-system-serif-font-family\" style=\"font-size:clamp(1.25rem, 1.25rem + ((1vw - 0.2rem) * 1.111), 2rem);\">Frumkin, le Juif,qui lui a fait prendre conscience de son appartenance au peuple Juif, de la richesse de son histoire, de la profondeur de sa pens\u00e9e juive et qui est venu perturber le calme relatif r\u00e9gnant entre les deux autres facettes.<\/p>\n<\/div>\n\n\n\n<div class=\"wp-block-column is-layout-flow wp-block-column-is-layout-flow\">\n<figure data-wp-context=\"{&quot;imageId&quot;:&quot;69eae6f4da260&quot;}\" data-wp-interactive=\"core\/image\" data-wp-key=\"69eae6f4da260\" class=\"wp-block-image size-large wp-lightbox-container\"><img loading=\"lazy\" decoding=\"async\" width=\"1024\" height=\"832\" data-wp-class--hide=\"state.isContentHidden\" data-wp-class--show=\"state.isContentVisible\" data-wp-init=\"callbacks.setButtonStyles\" data-wp-on--click=\"actions.showLightbox\" data-wp-on--load=\"callbacks.setButtonStyles\" data-wp-on-window--resize=\"callbacks.setButtonStyles\" src=\"https:\/\/www.philippeenquin.net\/wp-content\/uploads\/2020\/09\/4-1024x832.jpeg\" alt=\"\" class=\"wp-image-1549\" title=\"4\" srcset=\"https:\/\/www.philippeenquin.net\/wp-content\/uploads\/2020\/09\/4-1024x832.jpeg 1024w, https:\/\/www.philippeenquin.net\/wp-content\/uploads\/2020\/09\/4-500x406.jpeg 500w, https:\/\/www.philippeenquin.net\/wp-content\/uploads\/2020\/09\/4-800x650.jpeg 800w, https:\/\/www.philippeenquin.net\/wp-content\/uploads\/2020\/09\/4-300x244.jpeg 300w, https:\/\/www.philippeenquin.net\/wp-content\/uploads\/2020\/09\/4-768x624.jpeg 768w, https:\/\/www.philippeenquin.net\/wp-content\/uploads\/2020\/09\/4-200x162.jpeg 200w, https:\/\/www.philippeenquin.net\/wp-content\/uploads\/2020\/09\/4-400x325.jpeg 400w, https:\/\/www.philippeenquin.net\/wp-content\/uploads\/2020\/09\/4-600x487.jpeg 600w, https:\/\/www.philippeenquin.net\/wp-content\/uploads\/2020\/09\/4.jpeg 1182w\" sizes=\"auto, (max-width: 1024px) 100vw, 1024px\" \/><button\n\t\t\tclass=\"lightbox-trigger\"\n\t\t\ttype=\"button\"\n\t\t\taria-haspopup=\"dialog\"\n\t\t\taria-label=\"Enlarge\"\n\t\t\tdata-wp-init=\"callbacks.initTriggerButton\"\n\t\t\tdata-wp-on--click=\"actions.showLightbox\"\n\t\t\tdata-wp-style--right=\"state.imageButtonRight\"\n\t\t\tdata-wp-style--top=\"state.imageButtonTop\"\n\t\t>\n\t\t\t<svg xmlns=\"http:\/\/www.w3.org\/2000\/svg\" width=\"12\" height=\"12\" fill=\"none\" viewBox=\"0 0 12 12\">\n\t\t\t\t<path fill=\"#fff\" d=\"M2 0a2 2 0 0 0-2 2v2h1.5V2a.5.5 0 0 1 .5-.5h2V0H2Zm2 10.5H2a.5.5 0 0 1-.5-.5V8H0v2a2 2 0 0 0 2 2h2v-1.5ZM8 12v-1.5h2a.5.5 0 0 0 .5-.5V8H12v2a2 2 0 0 1-2 2H8Zm2-12a2 2 0 0 1 2 2v2h-1.5V2a.5.5 0 0 0-.5-.5H8V0h2Z\" \/>\n\t\t\t<\/svg>\n\t\t<\/button><\/figure>\n<\/div>\n<\/div>\n\n\n\n<p style=\"font-size:clamp(0.929rem, 0.929rem + ((1vw - 0.2rem) * 0.698), 1.4rem);\">Depuis quelques ann\u00e9es, la photographie devient sa principale activit\u00e9. En janvier 2018 la Galerie Argentine accueille sa premi\u00e8re exposition \u00ab Rencontres \u00e9ph\u00e9m\u00e8res \u00bb. En octobre de la m\u00eame ann\u00e9e, il participe \u00e0 l\u2019exposition \u00ab M\u00e9moires libres : R\u00e9sistances \u00bb \u00e0 la mairie de Guyancourt. En novembre 2018 il publie \u00ab Instants d\u2019humanit\u00e9 \u00bb (Lonely Star \u00c9ditions), un beau livre de portraits, reflet de ses voyages dans diff\u00e9rents continents.<\/p>\n\n\n\n<p style=\"font-size:clamp(0.929rem, 0.929rem + ((1vw - 0.2rem) * 0.698), 1.4rem);\">Avec \u00ab De mon balcon \u00bb, il trouve sans doute sa r\u00e9elle vocation\u2026 celle de \u00ab Chroniqueur Photographe ! \u00bb<\/p>\n\n\n\n<div class=\"wp-block-columns alignwide is-layout-flex wp-container-core-columns-is-layout-fb200d29 wp-block-columns-is-layout-flex\" style=\"padding-top:var(--wp--preset--spacing--40);padding-right:var(--wp--preset--spacing--20);padding-bottom:var(--wp--preset--spacing--40);padding-left:var(--wp--preset--spacing--20)\">\n<div class=\"wp-block-column is-layout-flow wp-block-column-is-layout-flow\">\n<figure class=\"wp-block-image size-large has-custom-border\"><img loading=\"lazy\" decoding=\"async\" width=\"1024\" height=\"675\" src=\"https:\/\/www.philippeenquin.net\/wp-content\/uploads\/2020\/10\/bio-1024x675.jpg\" alt=\"\" class=\"wp-image-1913\" style=\"border-radius:24px\" title=\"bio\" srcset=\"https:\/\/www.philippeenquin.net\/wp-content\/uploads\/2020\/10\/bio-1024x675.jpg 1024w, https:\/\/www.philippeenquin.net\/wp-content\/uploads\/2020\/10\/bio-500x330.jpg 500w, https:\/\/www.philippeenquin.net\/wp-content\/uploads\/2020\/10\/bio-800x527.jpg 800w, https:\/\/www.philippeenquin.net\/wp-content\/uploads\/2020\/10\/bio-300x198.jpg 300w, https:\/\/www.philippeenquin.net\/wp-content\/uploads\/2020\/10\/bio-768x506.jpg 768w, https:\/\/www.philippeenquin.net\/wp-content\/uploads\/2020\/10\/bio-200x132.jpg 200w, https:\/\/www.philippeenquin.net\/wp-content\/uploads\/2020\/10\/bio-400x264.jpg 400w, https:\/\/www.philippeenquin.net\/wp-content\/uploads\/2020\/10\/bio-600x396.jpg 600w, https:\/\/www.philippeenquin.net\/wp-content\/uploads\/2020\/10\/bio-1200x791.jpg 1200w, https:\/\/www.philippeenquin.net\/wp-content\/uploads\/2020\/10\/bio.jpg 1473w\" sizes=\"auto, (max-width: 1024px) 100vw, 1024px\" \/><\/figure>\n<\/div>\n\n\n\n<div class=\"wp-block-column is-vertically-aligned-center is-layout-flow wp-block-column-is-layout-flow\">\n<h2 class=\"wp-block-heading has-text-align-center has-x-large-font-size\">Philippe Enquin<\/h2>\n\n\n\n<p class=\"has-text-align-center has-large-font-size\"><strong>Paris, France<\/strong><\/p>\n\n\n\n<ul class=\"wp-block-social-links has-huge-icon-size is-style-logos-only is-content-justification-center is-layout-flex wp-container-core-social-links-is-layout-a89b3969 wp-block-social-links-is-layout-flex\"><li class=\"wp-social-link wp-social-link-facebook  wp-block-social-link\"><a href=\"https:\/\/www.facebook.com\/enquinp\" class=\"wp-block-social-link-anchor\" target=\"_blank\" rel=\"noopener\"><svg width=\"24\" height=\"24\" viewBox=\"0 0 24 24\" version=\"1.1\" xmlns=\"http:\/\/www.w3.org\/2000\/svg\" aria-hidden=\"true\" focusable=\"false\"><path d=\"M12 2C6.5 2 2 6.5 2 12c0 5 3.7 9.1 8.4 9.9v-7H7.9V12h2.5V9.8c0-2.5 1.5-3.9 3.8-3.9 1.1 0 2.2.2 2.2.2v2.5h-1.3c-1.2 0-1.6.8-1.6 1.6V12h2.8l-.4 2.9h-2.3v7C18.3 21.1 22 17 22 12c0-5.5-4.5-10-10-10z\"><\/path><\/svg><span class=\"wp-block-social-link-label screen-reader-text\">Facebook<\/span><\/a><\/li>\n\n<li class=\"wp-social-link wp-social-link-instagram  wp-block-social-link\"><a href=\"https:\/\/www.instagram.com\/enquinp\/\" class=\"wp-block-social-link-anchor\" target=\"_blank\" rel=\"noopener\"><svg width=\"24\" height=\"24\" viewBox=\"0 0 24 24\" version=\"1.1\" xmlns=\"http:\/\/www.w3.org\/2000\/svg\" aria-hidden=\"true\" focusable=\"false\"><path d=\"M12,4.622c2.403,0,2.688,0.009,3.637,0.052c0.877,0.04,1.354,0.187,1.671,0.31c0.42,0.163,0.72,0.358,1.035,0.673 c0.315,0.315,0.51,0.615,0.673,1.035c0.123,0.317,0.27,0.794,0.31,1.671c0.043,0.949,0.052,1.234,0.052,3.637 s-0.009,2.688-0.052,3.637c-0.04,0.877-0.187,1.354-0.31,1.671c-0.163,0.42-0.358,0.72-0.673,1.035 c-0.315,0.315-0.615,0.51-1.035,0.673c-0.317,0.123-0.794,0.27-1.671,0.31c-0.949,0.043-1.233,0.052-3.637,0.052 s-2.688-0.009-3.637-0.052c-0.877-0.04-1.354-0.187-1.671-0.31c-0.42-0.163-0.72-0.358-1.035-0.673 c-0.315-0.315-0.51-0.615-0.673-1.035c-0.123-0.317-0.27-0.794-0.31-1.671C4.631,14.688,4.622,14.403,4.622,12 s0.009-2.688,0.052-3.637c0.04-0.877,0.187-1.354,0.31-1.671c0.163-0.42,0.358-0.72,0.673-1.035 c0.315-0.315,0.615-0.51,1.035-0.673c0.317-0.123,0.794-0.27,1.671-0.31C9.312,4.631,9.597,4.622,12,4.622 M12,3 C9.556,3,9.249,3.01,8.289,3.054C7.331,3.098,6.677,3.25,6.105,3.472C5.513,3.702,5.011,4.01,4.511,4.511 c-0.5,0.5-0.808,1.002-1.038,1.594C3.25,6.677,3.098,7.331,3.054,8.289C3.01,9.249,3,9.556,3,12c0,2.444,0.01,2.751,0.054,3.711 c0.044,0.958,0.196,1.612,0.418,2.185c0.23,0.592,0.538,1.094,1.038,1.594c0.5,0.5,1.002,0.808,1.594,1.038 c0.572,0.222,1.227,0.375,2.185,0.418C9.249,20.99,9.556,21,12,21s2.751-0.01,3.711-0.054c0.958-0.044,1.612-0.196,2.185-0.418 c0.592-0.23,1.094-0.538,1.594-1.038c0.5-0.5,0.808-1.002,1.038-1.594c0.222-0.572,0.375-1.227,0.418-2.185 C20.99,14.751,21,14.444,21,12s-0.01-2.751-0.054-3.711c-0.044-0.958-0.196-1.612-0.418-2.185c-0.23-0.592-0.538-1.094-1.038-1.594 c-0.5-0.5-1.002-0.808-1.594-1.038c-0.572-0.222-1.227-0.375-2.185-0.418C14.751,3.01,14.444,3,12,3L12,3z M12,7.378 c-2.552,0-4.622,2.069-4.622,4.622S9.448,16.622,12,16.622s4.622-2.069,4.622-4.622S14.552,7.378,12,7.378z M12,15 c-1.657,0-3-1.343-3-3s1.343-3,3-3s3,1.343,3,3S13.657,15,12,15z M16.804,6.116c-0.596,0-1.08,0.484-1.08,1.08 s0.484,1.08,1.08,1.08c0.596,0,1.08-0.484,1.08-1.08S17.401,6.116,16.804,6.116z\"><\/path><\/svg><span class=\"wp-block-social-link-label screen-reader-text\">Instagram<\/span><\/a><\/li><\/ul>\n<\/div>\n<\/div>\n\n\n\n<h2 class=\"wp-block-heading\">Contact<\/h2>\n\n\n<div class=\"wpforms-container wpforms-container-full wpforms-block wpforms-block-ada2d05c-ed30-4fdf-bd04-85ac8921cf15\" id=\"wpforms-1929\"><form id=\"wpforms-form-1929\" class=\"wpforms-validate wpforms-form\" data-formid=\"1929\" method=\"post\" enctype=\"multipart\/form-data\" action=\"\/en\/wp-json\/wp\/v2\/pages\/14\" data-token=\"0ab7c204b3b9b20853df47c34e66f90c\" data-token-time=\"1777002228\"><noscript class=\"wpforms-error-noscript\">Please enable JavaScript in your browser to complete this form.<\/noscript><div class=\"wpforms-field-container\"><div id=\"wpforms-1929-field_0-container\" class=\"wpforms-field wpforms-field-name\" data-field-id=\"0\"><label class=\"wpforms-field-label\">Nom <span class=\"wpforms-required-label\">*<\/span><\/label><div class=\"wpforms-field-row wpforms-field-medium\"><div class=\"wpforms-field-row-block wpforms-first wpforms-one-half\"><input type=\"text\" id=\"wpforms-1929-field_0\" class=\"wpforms-field-name-first wpforms-field-required\" name=\"wpforms[fields][0][first]\" required><label for=\"wpforms-1929-field_0\" class=\"wpforms-field-sublabel after\">First<\/label><\/div><div class=\"wpforms-field-row-block wpforms-one-half\"><input type=\"text\" id=\"wpforms-1929-field_0-last\" class=\"wpforms-field-name-last wpforms-field-required\" name=\"wpforms[fields][0][last]\" required><label for=\"wpforms-1929-field_0-last\" class=\"wpforms-field-sublabel after\">Last<\/label><\/div><\/div><\/div><div id=\"wpforms-1929-field_1-container\" class=\"wpforms-field wpforms-field-email\" data-field-id=\"1\"><label class=\"wpforms-field-label\" for=\"wpforms-1929-field_1\">Email <span class=\"wpforms-required-label\">*<\/span><\/label><input type=\"email\" id=\"wpforms-1929-field_1\" class=\"wpforms-field-medium wpforms-field-required\" name=\"wpforms[fields][1]\" spellcheck=\"false\" required><\/div><div id=\"wpforms-1929-field_5-container\" class=\"wpforms-field wpforms-field-text\" data-field-id=\"5\"><label class=\"wpforms-field-label\" for=\"wpforms-1929-field_5\">Sujet<\/label><input type=\"text\" id=\"wpforms-1929-field_5\" class=\"wpforms-field-medium\" name=\"wpforms[fields][5]\" ><\/div>\t\t<div id=\"wpforms-1929-field_4-container\"\n\t\t\tclass=\"wpforms-field wpforms-field-text\"\n\t\t\tdata-field-type=\"text\"\n\t\t\tdata-field-id=\"4\"\n\t\t\t>\n\t\t\t<label class=\"wpforms-field-label\" for=\"wpforms-1929-field_4\" >Message Nom Email<\/label>\n\t\t\t<input type=\"text\" id=\"wpforms-1929-field_4\" class=\"wpforms-field-medium\" name=\"wpforms[fields][4]\" >\n\t\t<\/div>\n\t\t<div id=\"wpforms-1929-field_2-container\" class=\"wpforms-field wpforms-field-textarea\" data-field-id=\"2\"><label class=\"wpforms-field-label\" for=\"wpforms-1929-field_2\">Votre Message <span class=\"wpforms-required-label\">*<\/span><\/label><textarea id=\"wpforms-1929-field_2\" class=\"wpforms-field-medium wpforms-field-required\" name=\"wpforms[fields][2]\" required><\/textarea><\/div><script>\n\t\t\t\t( function() {\n\t\t\t\t\tconst style = document.createElement( 'style' );\n\t\t\t\t\tstyle.appendChild( document.createTextNode( '#wpforms-1929-field_4-container { position: absolute !important; overflow: hidden !important; display: inline !important; height: 1px !important; width: 1px !important; z-index: -1000 !important; padding: 0 !important; } #wpforms-1929-field_4-container input { visibility: hidden; } #wpforms-conversational-form-page #wpforms-1929-field_4-container label { counter-increment: none; }' ) );\n\t\t\t\t\tdocument.head.appendChild( style );\n\t\t\t\t\tdocument.currentScript?.remove();\n\t\t\t\t} )();\n\t\t\t<\/script><\/div><!-- .wpforms-field-container --><div class=\"wpforms-recaptcha-container wpforms-is-hcaptcha\" ><div class=\"h-captcha\" data-sitekey=\"3492c9f1-0c22-469b-a2c9-eeb939eae751\"><\/div><input type=\"text\" name=\"g-recaptcha-hidden\" class=\"wpforms-recaptcha-hidden\" style=\"position:absolute!important;clip:rect(0,0,0,0)!important;height:1px!important;width:1px!important;border:0!important;overflow:hidden!important;padding:0!important;margin:0!important;\" data-rule-hcaptcha=\"1\"><\/div><div class=\"wpforms-submit-container\" ><input type=\"hidden\" name=\"wpforms[id]\" value=\"1929\"><input type=\"hidden\" name=\"page_title\" value=\"\"><input type=\"hidden\" name=\"page_url\" value=\"https:\/\/www.philippeenquin.net\/en\/wp-json\/wp\/v2\/pages\/14\"><input type=\"hidden\" name=\"url_referer\" value=\"\"><button type=\"submit\" name=\"wpforms[submit]\" id=\"wpforms-submit-1929\" class=\"wpforms-submit\" data-alt-text=\"Envoi...\" data-submit-text=\"Envoyer\" aria-live=\"assertive\" value=\"wpforms-submit\">Envoyer<\/button><\/div><\/form><\/div>  <!-- .wpforms-container -->\n\n\n<p><a target=\"_blank\" rel=\"noreferrer noopener\" href=\"https:\/\/www.facebook.com\/enquinp\"><\/a><a target=\"_blank\" rel=\"noreferrer noopener\" href=\"https:\/\/www.instagram.com\/enquinp\/\"><\/a><\/p>\n","protected":false},"excerpt":{"rendered":"<p>Phelippe Enquin Philippe Enquin est n\u00e9 \u00e0 Buenos Aires en 1935. Avec son \u00e9pouse, Gladys Aslan (d\u00e9c\u00e9d\u00e9e en 2012) ils s\u2019installent en France en 1962. Il effectue toute sa carri\u00e8re comme consultant en Strat\u00e9gie et Management, principalement comme cofondateur de MID (Marketing, Innovation et D\u00e9veloppement). \u00c0 la fin de sa carri\u00e8re professionnelle, Enquin, qui a [&hellip;]<\/p>\n","protected":false},"author":1,"featured_media":0,"parent":0,"menu_order":0,"comment_status":"closed","ping_status":"closed","template":"","meta":{"footnotes":""},"class_list":["post-14","page","type-page","status-publish","hentry"],"_links":{"self":[{"href":"https:\/\/www.philippeenquin.net\/en\/wp-json\/wp\/v2\/pages\/14","targetHints":{"allow":["GET"]}}],"collection":[{"href":"https:\/\/www.philippeenquin.net\/en\/wp-json\/wp\/v2\/pages"}],"about":[{"href":"https:\/\/www.philippeenquin.net\/en\/wp-json\/wp\/v2\/types\/page"}],"author":[{"embeddable":true,"href":"https:\/\/www.philippeenquin.net\/en\/wp-json\/wp\/v2\/users\/1"}],"replies":[{"embeddable":true,"href":"https:\/\/www.philippeenquin.net\/en\/wp-json\/wp\/v2\/comments?post=14"}],"version-history":[{"count":19,"href":"https:\/\/www.philippeenquin.net\/en\/wp-json\/wp\/v2\/pages\/14\/revisions"}],"predecessor-version":[{"id":3415,"href":"https:\/\/www.philippeenquin.net\/en\/wp-json\/wp\/v2\/pages\/14\/revisions\/3415"}],"wp:attachment":[{"href":"https:\/\/www.philippeenquin.net\/en\/wp-json\/wp\/v2\/media?parent=14"}],"curies":[{"name":"wp","href":"https:\/\/api.w.org\/{rel}","templated":true}]}}