{"id":1785,"date":"2020-09-25T12:12:58","date_gmt":"2020-09-25T12:12:58","guid":{"rendered":"https:\/\/www.philippeenquin.net\/?page_id=1785"},"modified":"2024-08-22T23:12:12","modified_gmt":"2024-08-22T21:12:12","slug":"book","status":"publish","type":"page","link":"https:\/\/www.philippeenquin.net\/en\/livre\/","title":{"rendered":"Book"},"content":{"rendered":"<div class=\"wp-block-group is-vertical is-content-justification-center is-layout-flex wp-container-core-group-is-layout-81423f52 wp-block-group-is-layout-flex\">\n<h2 class=\"wp-block-heading has-text-align-center\">FROM MY BALCONY<\/h2>\n\n\n\n<p class=\"has-text-align-center has-large-font-size\">Chronicles of a Parisian confinement<\/p>\n<\/div>\n\n\n\n<div class=\"wp-block-columns alignwide is-layout-flex wp-container-core-columns-is-layout-28f84493 wp-block-columns-is-layout-flex\">\n<div class=\"wp-block-column is-vertically-aligned-center is-layout-flow wp-block-column-is-layout-flow\">\n<figure class=\"wp-block-image aligncenter size-full\"><img loading=\"lazy\" decoding=\"async\" width=\"614\" height=\"433\" src=\"https:\/\/www.philippeenquin.net\/wp-content\/uploads\/2020\/11\/livreportada.jpg\" alt=\"\" class=\"wp-image-1976\" title=\"livreportada\" srcset=\"https:\/\/www.philippeenquin.net\/wp-content\/uploads\/2020\/11\/livreportada.jpg 614w, https:\/\/www.philippeenquin.net\/wp-content\/uploads\/2020\/11\/livreportada-500x353.jpg 500w, https:\/\/www.philippeenquin.net\/wp-content\/uploads\/2020\/11\/livreportada-300x212.jpg 300w, https:\/\/www.philippeenquin.net\/wp-content\/uploads\/2020\/11\/livreportada-200x141.jpg 200w, https:\/\/www.philippeenquin.net\/wp-content\/uploads\/2020\/11\/livreportada-400x282.jpg 400w, https:\/\/www.philippeenquin.net\/wp-content\/uploads\/2020\/11\/livreportada-600x423.jpg 600w\" sizes=\"auto, (max-width: 614px) 100vw, 614px\" \/><\/figure>\n<\/div>\n\n\n\n<div class=\"wp-block-column is-vertically-aligned-center is-layout-flow wp-block-column-is-layout-flow\">\n<p style=\"font-size:clamp(0.929rem, 0.929rem + ((1vw - 0.2rem) * 0.698), 1.4rem);\">The idea of taking photos of <strong>my balcony <\/strong>came to me at the beginning of the confinement, but the definitive form took a long time to emerge.<\/p>\n\n\n\n<p style=\"font-size:clamp(0.929rem, 0.929rem + ((1vw - 0.2rem) * 0.698), 1.4rem);\">Gradually I came to realize what a unique opportunity it was to be able to observe, from my second-floor balcony, scenes reflecting the full range of emotions, scenes full of humanity. Only this confinement could reveal them.<\/p>\n\n\n\n<p style=\"font-size:clamp(0.929rem, 0.929rem + ((1vw - 0.2rem) * 0.698), 1.4rem);\">The conditions were ideal: almost no traffic, few passers-by and even few bicycles (at the start), not to mention a splendid spring with exceptional luminosity in a sunny climate.<strong> Paris<\/strong> limpid.<\/p>\n\n\n\n<div class=\"wp-block-buttons is-content-justification-center is-layout-flex wp-container-core-buttons-is-layout-a89b3969 wp-block-buttons-is-layout-flex\">\n<div class=\"wp-block-button\"><a class=\"wp-block-button__link wp-element-button\" href=\"#acheter-livre\">Buy the book<\/a><\/div>\n<\/div>\n<\/div>\n<\/div>\n\n\n\n<figure data-wp-context=\"{&quot;imageId&quot;:&quot;69dea5efa0f5d&quot;}\" data-wp-interactive=\"core\/image\" data-wp-key=\"69dea5efa0f5d\" class=\"wp-block-image size-large wp-lightbox-container\"><img loading=\"lazy\" decoding=\"async\" width=\"1024\" height=\"683\" data-wp-class--hide=\"state.isContentHidden\" data-wp-class--show=\"state.isContentVisible\" data-wp-init=\"callbacks.setButtonStyles\" data-wp-on--click=\"actions.showLightbox\" data-wp-on--load=\"callbacks.setButtonStyles\" data-wp-on-window--resize=\"callbacks.setButtonStyles\" src=\"https:\/\/www.philippeenquin.net\/wp-content\/uploads\/2020\/09\/2-1-1024x683.jpg\" alt=\"\" class=\"wp-image-1482\" title=\"2\" srcset=\"https:\/\/www.philippeenquin.net\/wp-content\/uploads\/2020\/09\/2-1-1024x683.jpg 1024w, https:\/\/www.philippeenquin.net\/wp-content\/uploads\/2020\/09\/2-1-500x333.jpg 500w, https:\/\/www.philippeenquin.net\/wp-content\/uploads\/2020\/09\/2-1-800x533.jpg 800w, https:\/\/www.philippeenquin.net\/wp-content\/uploads\/2020\/09\/2-1-300x200.jpg 300w, https:\/\/www.philippeenquin.net\/wp-content\/uploads\/2020\/09\/2-1-768x512.jpg 768w, https:\/\/www.philippeenquin.net\/wp-content\/uploads\/2020\/09\/2-1-200x133.jpg 200w, https:\/\/www.philippeenquin.net\/wp-content\/uploads\/2020\/09\/2-1-400x267.jpg 400w, https:\/\/www.philippeenquin.net\/wp-content\/uploads\/2020\/09\/2-1-600x400.jpg 600w, https:\/\/www.philippeenquin.net\/wp-content\/uploads\/2020\/09\/2-1-1200x800.jpg 1200w, https:\/\/www.philippeenquin.net\/wp-content\/uploads\/2020\/09\/2-1.jpg 1473w\" sizes=\"auto, (max-width: 1024px) 100vw, 1024px\" \/><button\n\t\t\tclass=\"lightbox-trigger\"\n\t\t\ttype=\"button\"\n\t\t\taria-haspopup=\"dialog\"\n\t\t\taria-label=\"Enlarge\"\n\t\t\tdata-wp-init=\"callbacks.initTriggerButton\"\n\t\t\tdata-wp-on--click=\"actions.showLightbox\"\n\t\t\tdata-wp-style--right=\"state.imageButtonRight\"\n\t\t\tdata-wp-style--top=\"state.imageButtonTop\"\n\t\t>\n\t\t\t<svg xmlns=\"http:\/\/www.w3.org\/2000\/svg\" width=\"12\" height=\"12\" fill=\"none\" viewbox=\"0 0 12 12\">\n\t\t\t\t<path fill=\"#fff\" d=\"M2 0a2 2 0 0 0-2 2v2h1.5V2a.5.5 0 0 1 .5-.5h2V0H2Zm2 10.5H2a.5.5 0 0 1-.5-.5V8H0v2a2 2 0 0 0 2 2h2v-1.5ZM8 12v-1.5h2a.5.5 0 0 0 .5-.5V8H12v2a2 2 0 0 1-2 2H8Zm2-12a2 2 0 0 1 2 2v2h-1.5V2a.5.5 0 0 0-.5-.5H8V0h2Z\" \/>\n\t\t\t<\/svg>\n\t\t<\/button><\/figure>\n\n\n\n<div class=\"wp-block-columns is-layout-flex wp-container-core-columns-is-layout-28f84493 wp-block-columns-is-layout-flex\">\n<div class=\"wp-block-column is-layout-flow wp-block-column-is-layout-flow\" style=\"flex-basis:33.33%\">\n<figure class=\"wp-block-image\"><img loading=\"lazy\" decoding=\"async\" width=\"682\" height=\"1024\" src=\"https:\/\/www.philippeenquin.net\/wp-content\/uploads\/2020\/09\/Homme-qui-marcheEdit-682x1024.jpg\" alt=\"\" class=\"wp-image-1609\" title=\"Walking manEdit\" srcset=\"https:\/\/www.philippeenquin.net\/wp-content\/uploads\/2020\/09\/Homme-qui-marcheEdit-682x1024.jpg 682w, https:\/\/www.philippeenquin.net\/wp-content\/uploads\/2020\/09\/Homme-qui-marcheEdit-500x750.jpg 500w, https:\/\/www.philippeenquin.net\/wp-content\/uploads\/2020\/09\/Homme-qui-marcheEdit-800x1200.jpg 800w, https:\/\/www.philippeenquin.net\/wp-content\/uploads\/2020\/09\/Homme-qui-marcheEdit-200x300.jpg 200w, https:\/\/www.philippeenquin.net\/wp-content\/uploads\/2020\/09\/Homme-qui-marcheEdit-768x1152.jpg 768w, https:\/\/www.philippeenquin.net\/wp-content\/uploads\/2020\/09\/Homme-qui-marcheEdit-1024x1536.jpg 1024w, https:\/\/www.philippeenquin.net\/wp-content\/uploads\/2020\/09\/Homme-qui-marcheEdit-400x600.jpg 400w, https:\/\/www.philippeenquin.net\/wp-content\/uploads\/2020\/09\/Homme-qui-marcheEdit-600x900.jpg 600w, https:\/\/www.philippeenquin.net\/wp-content\/uploads\/2020\/09\/Homme-qui-marcheEdit.jpg 1165w\" sizes=\"auto, (max-width: 682px) 100vw, 682px\" \/><\/figure>\n<\/div>\n\n\n\n<div class=\"wp-block-column is-layout-flow wp-block-column-is-layout-flow\" style=\"flex-basis:66.66%\">\n<p><strong>My approach:<\/strong><\/p>\n\n\n\n<p>With all these images sorted and worked on, I published two chronicles in my blog. To my great surprise, these columns were a great success. I received many warm messages and a great demand for them:<\/p>\n\n\n\n<p>\"...when's the book?\"<\/p>\n\n\n\n<p>I called my friend <strong>Carlos Schmerkin<\/strong>who designed and produced all my previous books, an essential complement to my work as a photographer, and I put the idea to him. He said \"OK\" and we embarked on this adventure together.<\/p>\n\n\n\n<p>For three months, we worked on the photos, adding others taken with my iPhone during my daily \"itineraries\" around the R\u00e9publique and Canal Saint-Martin districts. Then we refined the captions to accentuate the humorous touches and winks.<\/p>\n<\/div>\n<\/div>\n\n\n\n<figure class=\"wp-block-image alignwide\"><img loading=\"lazy\" decoding=\"async\" width=\"1024\" height=\"722\" src=\"https:\/\/www.philippeenquin.net\/wp-content\/uploads\/2020\/10\/livresection-1024x722.jpg\" alt=\"\" class=\"wp-image-1916\" title=\"books\" srcset=\"https:\/\/www.philippeenquin.net\/wp-content\/uploads\/2020\/10\/livresection-1024x722.jpg 1024w, https:\/\/www.philippeenquin.net\/wp-content\/uploads\/2020\/10\/livresection-500x353.jpg 500w, https:\/\/www.philippeenquin.net\/wp-content\/uploads\/2020\/10\/livresection-800x564.jpg 800w, https:\/\/www.philippeenquin.net\/wp-content\/uploads\/2020\/10\/livresection-300x212.jpg 300w, https:\/\/www.philippeenquin.net\/wp-content\/uploads\/2020\/10\/livresection-768x541.jpg 768w, https:\/\/www.philippeenquin.net\/wp-content\/uploads\/2020\/10\/livresection-1536x1083.jpg 1536w, https:\/\/www.philippeenquin.net\/wp-content\/uploads\/2020\/10\/livresection-200x141.jpg 200w, https:\/\/www.philippeenquin.net\/wp-content\/uploads\/2020\/10\/livresection-400x282.jpg 400w, https:\/\/www.philippeenquin.net\/wp-content\/uploads\/2020\/10\/livresection-600x423.jpg 600w, https:\/\/www.philippeenquin.net\/wp-content\/uploads\/2020\/10\/livresection-1200x846.jpg 1200w, https:\/\/www.philippeenquin.net\/wp-content\/uploads\/2020\/10\/livresection.jpg 2000w\" sizes=\"auto, (max-width: 1024px) 100vw, 1024px\" \/><\/figure>\n\n\n\n<p>Now that the model is finished, I can't wait to share with you my vision of this unique Parisian confinement.<\/p>\n\n\n\n<figure class=\"wp-block-image\"><img loading=\"lazy\" decoding=\"async\" width=\"1024\" height=\"683\" src=\"https:\/\/www.philippeenquin.net\/wp-content\/uploads\/2020\/09\/DSC08404-1024x683.jpg\" alt=\"\" class=\"wp-image-1599\" title=\"DSC08404\" srcset=\"https:\/\/www.philippeenquin.net\/wp-content\/uploads\/2020\/09\/DSC08404-1024x683.jpg 1024w, https:\/\/www.philippeenquin.net\/wp-content\/uploads\/2020\/09\/DSC08404-scaled-500x333.jpg 500w, https:\/\/www.philippeenquin.net\/wp-content\/uploads\/2020\/09\/DSC08404-scaled-800x533.jpg 800w, https:\/\/www.philippeenquin.net\/wp-content\/uploads\/2020\/09\/DSC08404-300x200.jpg 300w, https:\/\/www.philippeenquin.net\/wp-content\/uploads\/2020\/09\/DSC08404-768x512.jpg 768w, https:\/\/www.philippeenquin.net\/wp-content\/uploads\/2020\/09\/DSC08404-1536x1024.jpg 1536w, https:\/\/www.philippeenquin.net\/wp-content\/uploads\/2020\/09\/DSC08404-2048x1366.jpg 2048w, https:\/\/www.philippeenquin.net\/wp-content\/uploads\/2020\/09\/DSC08404-200x133.jpg 200w, https:\/\/www.philippeenquin.net\/wp-content\/uploads\/2020\/09\/DSC08404-400x267.jpg 400w, https:\/\/www.philippeenquin.net\/wp-content\/uploads\/2020\/09\/DSC08404-600x400.jpg 600w, https:\/\/www.philippeenquin.net\/wp-content\/uploads\/2020\/09\/DSC08404-1200x800.jpg 1200w\" sizes=\"auto, (max-width: 1024px) 100vw, 1024px\" \/><\/figure>\n\n\n\n<p>Here are a few<strong> representative feedback<\/strong> of readers of my blog :<\/p>\n\n\n\n<div class=\"wp-block-columns alignwide is-layout-flex wp-container-core-columns-is-layout-28f84493 wp-block-columns-is-layout-flex\">\n<div class=\"wp-block-column is-layout-flow wp-block-column-is-layout-flow\">\n<blockquote class=\"wp-block-quote is-layout-flow wp-block-quote-is-layout-flow\">\n<p>\"Beautiful, tender and moving<\/p>\n<cite>\u00c9liane<\/cite><\/blockquote>\n\n\n\n<blockquote class=\"wp-block-quote is-layout-flow wp-block-quote-is-layout-flow\">\n<p>\"Moments captured with humor, tenderness and talent\".<\/p>\n<cite>Colette<\/cite><\/blockquote>\n<\/div>\n\n\n\n<div class=\"wp-block-column is-layout-flow wp-block-column-is-layout-flow\">\n<blockquote class=\"wp-block-quote is-layout-flow wp-block-quote-is-layout-flow\">\n<p>\"Your text made me think, smile, laugh and, sometimes, cry.<\/p>\n<cite>Ruth<\/cite><\/blockquote>\n\n\n\n<blockquote class=\"wp-block-quote is-layout-flow wp-block-quote-is-layout-flow\">\n<p>\"You knew how to bring life back to places where it had been suspended.<\/p>\n<cite>Isabelle<\/cite><\/blockquote>\n<\/div>\n<\/div>\n\n\n\n<p><strong>I look forward to hearing from you!<\/strong><\/p>\n\n\n\n<figure class=\"wp-block-image\"><img loading=\"lazy\" decoding=\"async\" width=\"999\" height=\"1024\" src=\"https:\/\/www.philippeenquin.net\/wp-content\/uploads\/2020\/08\/DSC08289-999x1024.jpg\" alt=\"\" class=\"wp-image-1437\" title=\"DSC08289\" srcset=\"https:\/\/www.philippeenquin.net\/wp-content\/uploads\/2020\/08\/DSC08289-999x1024.jpg 999w, https:\/\/www.philippeenquin.net\/wp-content\/uploads\/2020\/08\/DSC08289-500x512.jpg 500w, https:\/\/www.philippeenquin.net\/wp-content\/uploads\/2020\/08\/DSC08289-800x820.jpg 800w, https:\/\/www.philippeenquin.net\/wp-content\/uploads\/2020\/08\/DSC08289-293x300.jpg 293w, https:\/\/www.philippeenquin.net\/wp-content\/uploads\/2020\/08\/DSC08289-768x787.jpg 768w, https:\/\/www.philippeenquin.net\/wp-content\/uploads\/2020\/08\/DSC08289-200x205.jpg 200w, https:\/\/www.philippeenquin.net\/wp-content\/uploads\/2020\/08\/DSC08289-400x410.jpg 400w, https:\/\/www.philippeenquin.net\/wp-content\/uploads\/2020\/08\/DSC08289-600x615.jpg 600w, https:\/\/www.philippeenquin.net\/wp-content\/uploads\/2020\/08\/DSC08289.jpg 1170w\" sizes=\"auto, (max-width: 999px) 100vw, 999px\" \/><\/figure>\n\n\n\n<div class=\"wp-block-group alignwide has-global-padding is-layout-constrained wp-container-core-group-is-layout-74a7cd9b wp-block-group-is-layout-constrained\" style=\"border-width:1px;padding-top:var(--wp--preset--spacing--40);padding-right:var(--wp--preset--spacing--20);padding-bottom:var(--wp--preset--spacing--40);padding-left:var(--wp--preset--spacing--20)\">\n<h2 class=\"wp-block-heading has-text-align-center\"><strong>DE MON BALCON - The Book<\/strong><\/h2>\n\n\n\n<div class=\"wp-block-columns alignwide is-layout-flex wp-container-core-columns-is-layout-e0e4babd wp-block-columns-is-layout-flex\" style=\"padding-right:0;padding-left:0\">\n<div class=\"wp-block-column is-layout-flow wp-block-column-is-layout-flow\">\n<figure data-wp-context=\"{&quot;imageId&quot;:&quot;69dea5efa1a3f&quot;}\" data-wp-interactive=\"core\/image\" data-wp-key=\"69dea5efa1a3f\" class=\"wp-block-image size-full wp-lightbox-container\"><img loading=\"lazy\" decoding=\"async\" width=\"1134\" height=\"850\" data-wp-class--hide=\"state.isContentHidden\" data-wp-class--show=\"state.isContentVisible\" data-wp-init=\"callbacks.setButtonStyles\" data-wp-on--click=\"actions.showLightbox\" data-wp-on--load=\"callbacks.setButtonStyles\" data-wp-on-window--resize=\"callbacks.setButtonStyles\" src=\"https:\/\/www.philippeenquin.net\/wp-content\/uploads\/2021\/03\/Test_3_Light.gif\" alt=\"Presentation Book Depuis Mon Balcon\" class=\"wp-image-2227\" title=\"Test_3_Light\"\/><button\n\t\t\tclass=\"lightbox-trigger\"\n\t\t\ttype=\"button\"\n\t\t\taria-haspopup=\"dialog\"\n\t\t\taria-label=\"Enlarge\"\n\t\t\tdata-wp-init=\"callbacks.initTriggerButton\"\n\t\t\tdata-wp-on--click=\"actions.showLightbox\"\n\t\t\tdata-wp-style--right=\"state.imageButtonRight\"\n\t\t\tdata-wp-style--top=\"state.imageButtonTop\"\n\t\t>\n\t\t\t<svg xmlns=\"http:\/\/www.w3.org\/2000\/svg\" width=\"12\" height=\"12\" fill=\"none\" viewbox=\"0 0 12 12\">\n\t\t\t\t<path fill=\"#fff\" d=\"M2 0a2 2 0 0 0-2 2v2h1.5V2a.5.5 0 0 1 .5-.5h2V0H2Zm2 10.5H2a.5.5 0 0 1-.5-.5V8H0v2a2 2 0 0 0 2 2h2v-1.5ZM8 12v-1.5h2a.5.5 0 0 0 .5-.5V8H12v2a2 2 0 0 1-2 2H8Zm2-12a2 2 0 0 1 2 2v2h-1.5V2a.5.5 0 0 0-.5-.5H8V0h2Z\" \/>\n\t\t\t<\/svg>\n\t\t<\/button><\/figure>\n<\/div>\n\n\n\n<div class=\"wp-block-column is-vertically-aligned-center is-layout-flow wp-block-column-is-layout-flow\" style=\"padding-top:0;padding-right:0;padding-bottom:0;padding-left:0\">\n<div class=\"wp-block-group has-global-padding is-layout-constrained wp-container-core-group-is-layout-97829e9f wp-block-group-is-layout-constrained\" style=\"padding-right:var(--wp--preset--spacing--40);padding-left:var(--wp--preset--spacing--40)\">\n<p><strong>Chronicles of a Parisian confinement<\/strong><\/p>\n\n\n\n<p><strong>Book with 140 photos taken from my balcony.<\/strong><\/p>\n\n\n\n<p>A unique account of the two months of confinement in Paris.<\/p>\n\n\n\n<div class=\"wp-block-buttons is-layout-flex wp-block-buttons-is-layout-flex\">\n<div class=\"wp-block-button\" style=\"text-transform:uppercase\"><a class=\"wp-block-button__link wp-element-button\" href=\"\/en\/the-neighbors\/\">Neighbors<\/a><\/div>\n\n\n\n<div class=\"wp-block-button\"><a class=\"wp-block-button__link wp-element-button\" href=\"\/en\/book\/\">The Book<\/a><\/div>\n<\/div>\n<\/div>\n<\/div>\n<\/div>\n\n\n\n<div style=\"height:32px\" aria-hidden=\"true\" class=\"wp-block-spacer\"><\/div>\n\n\n\n<h3 class=\"wp-block-heading has-text-align-center\" id=\"acheter-livre\"><strong>Buy the book<\/strong><\/h3>\n\n\n\n<div class=\"wp-block-columns alignwide is-layout-flex wp-container-core-columns-is-layout-154ee73a wp-block-columns-is-layout-flex\" style=\"padding-top:var(--wp--preset--spacing--20);padding-right:var(--wp--preset--spacing--60);padding-bottom:var(--wp--preset--spacing--20);padding-left:var(--wp--preset--spacing--60)\">\n<div class=\"wp-block-column is-vertically-aligned-center is-layout-flow wp-block-column-is-layout-flow\">\n<h4 class=\"wp-block-heading\"><strong>Bookshops<\/strong><\/h4>\n\n\n\n<p><strong>The Paris pedestrian<\/strong><br>58 rue de l'Hotel de Ville 75004 Paris<\/p>\n\n\n\n<p><strong>La Com\u00e8te<\/strong><br>29 rue des R\u00e9collets, 75010 Paris<\/p>\n\n\n\n<p><strong>Appel Plein Ciel<\/strong><br>Bd Voltaire 75011 Paris<\/p>\n\n\n\n<p><strong>L'Acacia bookshop<\/strong><br>33 Bd du Temple, 75003 Paris<\/p>\n\n\n\n<p><strong>The Gutenberg Terrace<\/strong><br>9 rue Emilio Castelar 75012 Paris<\/p>\n\n\n\n<p><strong>Fnac Saint-Lazare<\/strong><\/p>\n\n\n\n<p><strong>Nicole Maruani coffee shop<\/strong><br>171 Boulevard Vincent Auriol, 75013<\/p>\n<\/div>\n\n\n\n<div class=\"wp-block-column is-vertically-aligned-top is-layout-flow wp-block-column-is-layout-flow\">\n<h4 class=\"wp-block-heading\"><strong>On line<\/strong><\/h4>\n\n\n\n<div class=\"wp-block-buttons is-layout-flex wp-block-buttons-is-layout-flex\">\n<div class=\"wp-block-button\"><a class=\"wp-block-button__link wp-element-button\" href=\"https:\/\/www.fnac.com\/SearchResult\/ResultList.aspx?SCat=0%211&amp;Search=chroniques+de+mon+balcon&amp;sft=1&amp;sa=0\" target=\"_blank\" rel=\"noopener\">FNAC \ud83e\uddfa<\/a><\/div>\n<\/div>\n\n\n\n<div class=\"wp-block-buttons is-layout-flex wp-block-buttons-is-layout-flex\">\n<div class=\"wp-block-button\"><a class=\"wp-block-button__link wp-element-button\" href=\"https:\/\/www.amazon.fr\/mon-balcon-Chroniques-confinement-parisien\/dp\/2957541009\/ref=pd_rhf_dp_p_img_4?_encoding=UTF8&amp;psc=1&amp;refRID=EK48KEK6TXKKH7P2XRZS\" target=\"_blank\" rel=\"noopener\">AMAZON \ud83e\uddfa<\/a><\/div>\n<\/div>\n\n\n\n<div style=\"height:var(--wp--preset--spacing--50)\" aria-hidden=\"true\" class=\"wp-block-spacer\"><\/div>\n\n\n\n<p class=\"has-large-font-size\"><strong>Price: \u20ac26.00<\/strong><\/p>\n<\/div>\n<\/div>\n<\/div>","protected":false},"excerpt":{"rendered":"<p>DE MON BALCON Chroniques d&rsquo;un confinement parisien L\u2019id\u00e9e de faire des photos de mon balcon m\u2019est venue au d\u00e9but du confinement, mais la forme d\u00e9finitive a tard\u00e9 \u00e0 \u00e9merger. Peu \u00e0 peu j\u2019ai pris conscience de la chance unique que j\u2019avais de pouvoir observer de mon balcon du deuxi\u00e8me \u00e9tage des sc\u00e8nes refl\u00e9tant toute la [&hellip;]<\/p>\n","protected":false},"author":1,"featured_media":0,"parent":0,"menu_order":0,"comment_status":"closed","ping_status":"closed","template":"","meta":{"footnotes":""},"class_list":["post-1785","page","type-page","status-publish","hentry"],"_links":{"self":[{"href":"https:\/\/www.philippeenquin.net\/en\/wp-json\/wp\/v2\/pages\/1785","targetHints":{"allow":["GET"]}}],"collection":[{"href":"https:\/\/www.philippeenquin.net\/en\/wp-json\/wp\/v2\/pages"}],"about":[{"href":"https:\/\/www.philippeenquin.net\/en\/wp-json\/wp\/v2\/types\/page"}],"author":[{"embeddable":true,"href":"https:\/\/www.philippeenquin.net\/en\/wp-json\/wp\/v2\/users\/1"}],"replies":[{"embeddable":true,"href":"https:\/\/www.philippeenquin.net\/en\/wp-json\/wp\/v2\/comments?post=1785"}],"version-history":[{"count":36,"href":"https:\/\/www.philippeenquin.net\/en\/wp-json\/wp\/v2\/pages\/1785\/revisions"}],"predecessor-version":[{"id":3469,"href":"https:\/\/www.philippeenquin.net\/en\/wp-json\/wp\/v2\/pages\/1785\/revisions\/3469"}],"wp:attachment":[{"href":"https:\/\/www.philippeenquin.net\/en\/wp-json\/wp\/v2\/media?parent=1785"}],"curies":[{"name":"wp","href":"https:\/\/api.w.org\/{rel}","templated":true}]}}